{"id":194,"date":"2025-03-21T16:49:22","date_gmt":"2025-03-21T21:49:22","guid":{"rendered":"https:\/\/melon.dipzo.net\/?post_type=product&#038;p=194"},"modified":"2025-03-21T16:51:00","modified_gmt":"2025-03-21T21:51:00","slug":"5-colagenos-x-60-und","status":"publish","type":"product","link":"https:\/\/melon.dipzo.net\/index.php\/producto\/5-colagenos-x-60-und\/","title":{"rendered":"5 Col\u00e1genos X 60 Und"},"content":{"rendered":"","protected":false},"excerpt":{"rendered":"<p>Potencia tu piel, articulaciones y huesos con\u00a0<strong>5 Col\u00e1genos<\/strong>. Esta f\u00f3rmula avanzada contiene col\u00e1geno hidrolizado y p\u00e9ptidos de col\u00e1geno marino, tipo 1, 2, y 3, para un soporte integral. Ideal para quienes buscan mejorar la elasticidad de la piel, fortalecer las articulaciones y mantener la salud \u00f3sea. \u00a1Todo en una c\u00f3moda presentaci\u00f3n de 60 c\u00e1psulas!<\/p>\n","protected":false},"featured_media":184,"template":"","meta":[],"product_brand":[],"product_cat":[35],"product_tag":[],"class_list":{"0":"post-194","1":"product","2":"type-product","3":"status-publish","4":"has-post-thumbnail","6":"product_cat-suplementos","8":"first","9":"instock","10":"sale","11":"shipping-taxable","12":"purchasable","13":"product-type-simple"},"_links":{"self":[{"href":"https:\/\/melon.dipzo.net\/index.php\/wp-json\/wp\/v2\/product\/194","targetHints":{"allow":["GET"]}}],"collection":[{"href":"https:\/\/melon.dipzo.net\/index.php\/wp-json\/wp\/v2\/product"}],"about":[{"href":"https:\/\/melon.dipzo.net\/index.php\/wp-json\/wp\/v2\/types\/product"}],"wp:featuredmedia":[{"embeddable":true,"href":"https:\/\/melon.dipzo.net\/index.php\/wp-json\/wp\/v2\/media\/184"}],"wp:attachment":[{"href":"https:\/\/melon.dipzo.net\/index.php\/wp-json\/wp\/v2\/media?parent=194"}],"wp:term":[{"taxonomy":"product_brand","embeddable":true,"href":"https:\/\/melon.dipzo.net\/index.php\/wp-json\/wp\/v2\/product_brand?post=194"},{"taxonomy":"product_cat","embeddable":true,"href":"https:\/\/melon.dipzo.net\/index.php\/wp-json\/wp\/v2\/product_cat?post=194"},{"taxonomy":"product_tag","embeddable":true,"href":"https:\/\/melon.dipzo.net\/index.php\/wp-json\/wp\/v2\/product_tag?post=194"}],"curies":[{"name":"wp","href":"https:\/\/api.w.org\/{rel}","templated":true}]}}